{"id":86,"date":"2025-10-12T11:20:01","date_gmt":"2025-10-12T11:20:01","guid":{"rendered":"https:\/\/aivatrip.com\/?page_id=86"},"modified":"2025-10-12T11:24:07","modified_gmt":"2025-10-12T11:24:07","slug":"aivatrip-inicio-1","status":"publish","type":"page","link":"https:\/\/aivatrip.com\/","title":{"rendered":"AivaTrip &#8211; Inicio (1)"},"content":{"rendered":"\t\t<div data-elementor-type=\"wp-page\" data-elementor-id=\"86\" class=\"elementor elementor-86\" data-elementor-post-type=\"page\">\n\t\t\t\t<div data-ekitparallax=\"{&quot;ekit_section_parallax_multi&quot;:&quot;yes&quot;,&quot;ekit_section_parallax_multi_items&quot;:[{&quot;_id&quot;:&quot;661993e&quot;,&quot;parallax_style&quot;:&quot;mousemove&quot;,&quot;image&quot;:{&quot;url&quot;:&quot;https:\\\/\\\/aivatrip.com\\\/wp-content\\\/uploads\\\/2025\\\/10\\\/portfolio_agency_memphis_1.png&quot;,&quot;id&quot;:&quot;93&quot;,&quot;size&quot;:&quot;&quot;},&quot;pos_x&quot;:{&quot;unit&quot;:&quot;px&quot;,&quot;size&quot;:&quot;34&quot;,&quot;sizes&quot;:[]},&quot;pos_y&quot;:{&quot;unit&quot;:&quot;px&quot;,&quot;size&quot;:&quot;223&quot;,&quot;sizes&quot;:[]},&quot;shape&quot;:&quot;angle&quot;,&quot;width_type&quot;:&quot;&quot;,&quot;parallax_speed&quot;:40,&quot;parallax_transform&quot;:&quot;translateY&quot;,&quot;parallax_transform_value&quot;:&quot;250&quot;,&quot;smoothness&quot;:&quot;700&quot;,&quot;offsettop&quot;:&quot;0&quot;,&quot;offsetbottom&quot;:&quot;0&quot;,&quot;maxtilt&quot;:&quot;20&quot;,&quot;scale&quot;:&quot;1&quot;,&quot;disableaxis&quot;:&quot;&quot;},{&quot;_id&quot;:&quot;3d2f773&quot;,&quot;parallax_style&quot;:&quot;onscroll&quot;,&quot;image&quot;:{&quot;url&quot;:&quot;https:\\\/\\\/aivatrip.com\\\/wp-content\\\/uploads\\\/2025\\\/10\\\/portfolio_agency_memphis_3.png&quot;,&quot;id&quot;:&quot;94&quot;,&quot;size&quot;:&quot;&quot;},&quot;pos_x&quot;:{&quot;unit&quot;:&quot;%&quot;,&quot;size&quot;:&quot;96&quot;,&quot;sizes&quot;:[]},&quot;pos_y&quot;:{&quot;unit&quot;:&quot;px&quot;,&quot;size&quot;:&quot;404&quot;,&quot;sizes&quot;:[]},&quot;parallax_transform&quot;:&quot;translateX&quot;,&quot;parallax_transform_value&quot;:&quot;50&quot;,&quot;shape&quot;:&quot;angle&quot;,&quot;width_type&quot;:&quot;&quot;,&quot;parallax_speed&quot;:40,&quot;smoothness&quot;:&quot;700&quot;,&quot;offsettop&quot;:&quot;0&quot;,&quot;offsetbottom&quot;:&quot;0&quot;,&quot;maxtilt&quot;:&quot;20&quot;,&quot;scale&quot;:&quot;1&quot;,&quot;disableaxis&quot;:&quot;&quot;}]}\" class=\"aux-parallax-section elementor-element elementor-element-43dc3043 e-con-full e-flex e-con e-parent\" data-id=\"43dc3043\" data-element_type=\"container\" data-settings=\"{&quot;background_background&quot;:&quot;gradient&quot;,&quot;ekit_section_parallax_multi&quot;:&quot;yes&quot;,&quot;ekit_has_onepagescroll_dot&quot;:&quot;yes&quot;}\">\n\t\t<div class=\"elementor-element elementor-element-29b1a46 e-con-full e-flex e-con e-child\" data-id=\"29b1a46\" data-element_type=\"container\" data-settings=\"{&quot;ekit_has_onepagescroll_dot&quot;:&quot;yes&quot;}\">\n\t\t\t\t<div class=\"elementor-element elementor-element-232d0285 elementor-widget elementor-widget-elementskit-heading\" data-id=\"232d0285\" data-element_type=\"widget\" data-settings=\"{&quot;ekit_we_effect_on&quot;:&quot;none&quot;}\" data-widget_type=\"elementskit-heading.default\">\n\t\t\t\t<div class=\"elementor-widget-container\">\n\t\t\t\t\t<div class=\"ekit-wid-con\" ><div class=\"ekit-heading elementskit-section-title-wraper text_left   ekit_heading_tablet-   ekit_heading_mobile-\"><h3 class=\"elementskit-section-subtitle  \">\n\t\t\t\t\t\tTransformate en una Agencia Imbatible\n\t\t\t\t\t<\/h3><h2 class=\"ekit-heading--title elementskit-section-title \">Aceler\u00e1 tus Ventas.<\/h2>\t\t\t\t<div class='ekit-heading__description'>\n\t\t\t\t\t<blockquote>\n<p>En solo 30 d\u00edas y de manera <strong>gratuita<\/strong>: Ten\u00e9s instalado un sistema que trabaja por vos, <strong>te libera 10 horas de tiempo<\/strong> cada semana, y te trae <strong>3 veces m\u00e1s clientes<\/strong> que quieren comprar.<\/p>\n<\/blockquote>\n\t\t\t\t<\/div>\n\t\t\t<\/div><\/div>\t\t\t\t<\/div>\n\t\t\t\t<\/div>\n\t\t\t\t<div class=\"elementor-element elementor-element-13887e64 elementor-align-left elementor-widget__width-auto elementor-widget elementor-widget-elementskit-button\" data-id=\"13887e64\" data-element_type=\"widget\" data-settings=\"{&quot;ekit_we_effect_on&quot;:&quot;none&quot;}\" data-widget_type=\"elementskit-button.default\">\n\t\t\t\t<div class=\"elementor-widget-container\">\n\t\t\t\t\t<div class=\"ekit-wid-con\" >\t\t<div class=\"ekit-btn-wraper\">\n\t\t\t\t\t\t\t<a href=\"#\" class=\"elementskit-btn  whitespace--normal\" id=\"\">\n\t\t\t\t\tMore Projects\t\t\t\t<\/a>\n\t\t\t\t\t<\/div>\n        <\/div>\t\t\t\t<\/div>\n\t\t\t\t<\/div>\n\t\t\t\t<div class=\"elementor-element elementor-element-6965a91d elementor-widget__width-auto elementor-widget elementor-widget-elementskit-video\" data-id=\"6965a91d\" data-element_type=\"widget\" data-settings=\"{&quot;ekit_we_effect_on&quot;:&quot;none&quot;}\" data-widget_type=\"elementskit-video.default\">\n\t\t\t\t<div class=\"elementor-widget-container\">\n\t\t\t\t\t<div class=\"ekit-wid-con\" >\t\t<div class=\"video-content\" data-video-player=\"[]\" data-video-setting=\"{&quot;videoVolume&quot;:&quot;horizontal&quot;,&quot;startVolume&quot;:0.8000000000000000444089209850062616169452667236328125,&quot;videoType&quot;:&quot;iframe&quot;,&quot;videoClass&quot;:&quot;mfp-fade&quot;,&quot;popupIcon&quot;:{&quot;value&quot;:&quot;icon icon-cancel&quot;,&quot;library&quot;:&quot;ekiticons&quot;},&quot;videoStyle&quot;:&quot;popup&quot;,&quot;videoTypeName&quot;:&quot;youtube&quot;,&quot;autoplay&quot;:false,&quot;muted&quot;:false,&quot;loop&quot;:false}\">\n\t\t\t\n<a class=\" ekit-video-popup ekit-video-popup-btn\" href=\"https:\/\/www.youtube.com\/embed\/VhBl3dHT5SY?feature=oembed?playlist=VhBl3dHT5SY&amp;mute=0&amp;autoplay=0&amp;loop=no&amp;controls=0&amp;start=0&amp;end=\" aria-label=\"video-popup\">\n\t\t\t\t\t\t\t\t<i aria-hidden=\"true\" class=\"fas fa-play\"><\/i>\t\t\t\t<span class=\"ekit-video-popup-title\">Watch Video<\/span>\n\t\t\t\n\t\t\t<\/a>\n\t\t\t\t\t<\/div>\n\t\t<\/div>\t\t\t\t<\/div>\n\t\t\t\t<\/div>\n\t\t\t\t<\/div>\n\t\t<div class=\"elementor-element elementor-element-31da7ddf e-con-full e-flex e-con e-child\" data-id=\"31da7ddf\" data-element_type=\"container\" data-settings=\"{&quot;ekit_has_onepagescroll_dot&quot;:&quot;yes&quot;}\">\n\t\t\t\t<div class=\"elementor-element elementor-element-3d2ef545 elementor-widget elementor-widget-image\" data-id=\"3d2ef545\" data-element_type=\"widget\" data-settings=\"{&quot;ekit_we_effect_on&quot;:&quot;onscroll&quot;,&quot;ekit_we_scroll_animation&quot;:&quot;translateX&quot;,&quot;ekit_we_scroll_animation_value&quot;:&quot;-130&quot;,&quot;ekit_we_on_test_mode&quot;:&quot;on&quot;,&quot;ekit_we_scroll_smoothness&quot;:700,&quot;ekit_we_scroll_offsettop&quot;:0,&quot;ekit_we_scroll_offsetbottom&quot;:0}\" data-widget_type=\"image.default\">\n\t\t\t\t<div class=\"elementor-widget-container\">\n\t\t\t\t\t\t\t\t\t\t\t\t\t\t\t<img fetchpriority=\"high\" decoding=\"async\" width=\"701\" height=\"549\" src=\"https:\/\/aivatrip.com\/wp-content\/uploads\/2025\/10\/banner_top_image.png\" class=\"attachment-large size-large wp-image-91\" alt=\"\" srcset=\"https:\/\/aivatrip.com\/wp-content\/uploads\/2025\/10\/banner_top_image.png 701w, https:\/\/aivatrip.com\/wp-content\/uploads\/2025\/10\/banner_top_image-200x157.png 200w\" sizes=\"(max-width: 701px) 100vw, 701px\" \/>\t\t\t\t\t\t\t\t\t\t\t\t\t\t\t<\/div>\n\t\t\t\t<\/div>\n\t\t\t\t<div class=\"elementor-element elementor-element-4625996c elementor-widget__width-auto elementor-absolute elementor-widget elementor-widget-image\" data-id=\"4625996c\" data-element_type=\"widget\" data-settings=\"{&quot;ekit_we_effect_on&quot;:&quot;css&quot;,&quot;_position&quot;:&quot;absolute&quot;}\" data-widget_type=\"image.default\">\n\t\t\t\t<div class=\"elementor-widget-container\">\n\t\t\t\t\t\t\t\t\t\t\t\t\t\t\t<img decoding=\"async\" width=\"41\" height=\"38\" src=\"https:\/\/aivatrip.com\/wp-content\/uploads\/2025\/10\/portfolio_agency_memphis_2.png\" class=\"attachment-large size-large wp-image-92\" alt=\"\" \/>\t\t\t\t\t\t\t\t\t\t\t\t\t\t\t<\/div>\n\t\t\t\t<\/div>\n\t\t\t\t<\/div>\n\t\t\t\t<\/div>\n\t\t\t\t<\/div>\n\t\t","protected":false},"excerpt":{"rendered":"<p>Transformate en una Agencia Imbatible Aceler\u00e1 tus Ventas. En solo 30 d\u00edas y de manera gratuita: Ten\u00e9s instalado un sistema que trabaja por vos, te libera 10 horas de tiempo cada semana, y te trae 3 veces m\u00e1s clientes que quieren comprar. More Projects Watch Video<\/p>\n","protected":false},"author":1,"featured_media":0,"parent":0,"menu_order":0,"comment_status":"closed","ping_status":"closed","template":"","meta":{"footnotes":""},"class_list":["post-86","page","type-page","status-publish","hentry"],"_links":{"self":[{"href":"https:\/\/aivatrip.com\/index.php\/wp-json\/wp\/v2\/pages\/86","targetHints":{"allow":["GET"]}}],"collection":[{"href":"https:\/\/aivatrip.com\/index.php\/wp-json\/wp\/v2\/pages"}],"about":[{"href":"https:\/\/aivatrip.com\/index.php\/wp-json\/wp\/v2\/types\/page"}],"author":[{"embeddable":true,"href":"https:\/\/aivatrip.com\/index.php\/wp-json\/wp\/v2\/users\/1"}],"replies":[{"embeddable":true,"href":"https:\/\/aivatrip.com\/index.php\/wp-json\/wp\/v2\/comments?post=86"}],"version-history":[{"count":4,"href":"https:\/\/aivatrip.com\/index.php\/wp-json\/wp\/v2\/pages\/86\/revisions"}],"predecessor-version":[{"id":107,"href":"https:\/\/aivatrip.com\/index.php\/wp-json\/wp\/v2\/pages\/86\/revisions\/107"}],"wp:attachment":[{"href":"https:\/\/aivatrip.com\/index.php\/wp-json\/wp\/v2\/media?parent=86"}],"curies":[{"name":"wp","href":"https:\/\/api.w.org\/{rel}","templated":true}]}}